{"id":6,"date":"2025-07-27T20:11:07","date_gmt":"2025-07-27T20:11:07","guid":{"rendered":"http:\/\/lodyeventy.pl\/?page_id=6"},"modified":"2026-02-12T16:09:22","modified_gmt":"2026-02-12T16:09:22","slug":"lody-na-imprezy-i-eventy-krakow-i-malopolska","status":"publish","type":"page","link":"https:\/\/lodyeventy.pl\/","title":{"rendered":"Lody na imprezy i eventy. Krak\u00f3w i ma\u0142opolska."},"content":{"rendered":"\n<div class=\"wp-block-group alignfull is-style-section-1 has-global-padding is-layout-constrained wp-block-group-is-layout-constrained is-style-section-1--1\" style=\"margin-top:0;margin-bottom:0;padding-top:var(--wp--preset--spacing--80);padding-bottom:var(--wp--preset--spacing--80)\">\n<div class=\"wp-block-columns alignwide are-vertically-aligned-top is-layout-flex wp-container-core-columns-is-layout-66fad18a wp-block-columns-is-layout-flex\">\n<div class=\"wp-block-column is-vertically-aligned-top is-layout-flow wp-block-column-is-layout-flow\" style=\"padding-right:var(--wp--preset--spacing--50);flex-basis:45%\">\n<figure class=\"wp-block-gallery has-nested-images columns-default is-cropped wp-block-gallery-2 is-layout-flex wp-block-gallery-is-layout-flex\">\n<figure class=\"wp-block-image aligncenter size-full is-style-default\"><img loading=\"lazy\" decoding=\"async\" width=\"1920\" height=\"2560\" data-id=\"16\" src=\"http:\/\/lodyeventy.pl\/wp-content\/uploads\/2025\/07\/1000027660-scaled.jpg\" alt=\"\" class=\"wp-image-16\" srcset=\"https:\/\/lodyeventy.pl\/wp-content\/uploads\/2025\/07\/1000027660-scaled.jpg 1920w, https:\/\/lodyeventy.pl\/wp-content\/uploads\/2025\/07\/1000027660-225x300.jpg 225w, https:\/\/lodyeventy.pl\/wp-content\/uploads\/2025\/07\/1000027660-768x1024.jpg 768w, https:\/\/lodyeventy.pl\/wp-content\/uploads\/2025\/07\/1000027660-1152x1536.jpg 1152w, https:\/\/lodyeventy.pl\/wp-content\/uploads\/2025\/07\/1000027660-1536x2048.jpg 1536w\" sizes=\"auto, (max-width: 1920px) 100vw, 1920px\" \/><\/figure>\n<\/figure>\n\n\n\n<div class=\"wp-block-group has-global-padding is-layout-constrained wp-block-group-is-layout-constrained\" style=\"margin-top:-12vw\">\n<figure class=\"wp-block-image size-full is-resized\" style=\"margin-right:-5vw;margin-left:-5vw\"><img loading=\"lazy\" decoding=\"async\" width=\"2560\" height=\"1920\" src=\"http:\/\/lodyeventy.pl\/wp-content\/uploads\/2025\/07\/1000027665-scaled.jpg\" alt=\"\" class=\"wp-image-13\" srcset=\"https:\/\/lodyeventy.pl\/wp-content\/uploads\/2025\/07\/1000027665-scaled.jpg 2560w, https:\/\/lodyeventy.pl\/wp-content\/uploads\/2025\/07\/1000027665-300x225.jpg 300w, https:\/\/lodyeventy.pl\/wp-content\/uploads\/2025\/07\/1000027665-1024x768.jpg 1024w, https:\/\/lodyeventy.pl\/wp-content\/uploads\/2025\/07\/1000027665-768x576.jpg 768w, https:\/\/lodyeventy.pl\/wp-content\/uploads\/2025\/07\/1000027665-1536x1152.jpg 1536w, https:\/\/lodyeventy.pl\/wp-content\/uploads\/2025\/07\/1000027665-2048x1536.jpg 2048w\" sizes=\"auto, (max-width: 2560px) 100vw, 2560px\" \/><\/figure>\n<\/div>\n<\/div>\n\n\n\n<div class=\"wp-block-column is-vertically-aligned-top is-layout-flow wp-block-column-is-layout-flow\" style=\"padding-right:0;padding-left:0;flex-basis:50%\">\n<p class=\"has-text-align-center\">Dzie\u0144 dobry Pa\u0144stwu!<\/p>\n\n\n\n<p>Chcia\u0142abym opowiedzie\u0107 Wam o czym\u015b wyj\u0105tkowym &#8211; o Icebikerze!<\/p>\n\n\n\n<p>U nas znajdziecie pyszne lody, tworzone rzemie\u015blniczo i tylko z naturalnych sk\u0142adnik\u00f3w! Prawdziwe Lody produkowane s\u0105 ju\u017c od 1988 roku na recepturach przywiezionych z W\u0142och.<\/p>\n\n\n\n<p>IceBiker to co\u015b wi\u0119cej ni\u017c zwyk\u0142a lodziarnia. To my sprawiamy, \u017ce te wyj\u0105tkowe smaki docieraj\u0105 wsz\u0119dzie tam, gdzie wcze\u015bniej lody by\u0142y niedost\u0119pne! Pomy\u015blcie tylko: parki, place zabaw, a nawet&#8230; Wasz w\u0142asny ogr\u00f3dek!<\/p>\n\n\n\n<p>Obecnie mo\u017cecie nas spotka\u0107 w Parkach w Krakowie oraz na r\u00f3\u017cnego rodzaju imprezach. Je\u015bli szukaj\u0105 Pa\u0144stwo lod\u00f3w na mniejsz\u0105 lub wi\u0119ksz\u0105 imprez\u0119 to zapraszam do kontaktu a przygotujemy dla Pa\u0144stwa indywidualnie dopasowan\u0105 ofert\u0119.<\/p>\n<\/div>\n<\/div>\n<\/div>\n\n\n\n<div class=\"wp-block-group alignfull is-style-section-1 has-global-padding is-layout-constrained wp-block-group-is-layout-constrained is-style-section-1--3\" style=\"margin-top:0;margin-bottom:0;padding-top:var(--wp--preset--spacing--80);padding-bottom:var(--wp--preset--spacing--80)\">\n<div class=\"wp-block-columns alignwide is-layout-flex wp-container-core-columns-is-layout-66fad18a wp-block-columns-is-layout-flex\">\n<div class=\"wp-block-column is-layout-flow wp-block-column-is-layout-flow\" style=\"padding-right:var(--wp--preset--spacing--50);flex-basis:45%\">\n<figure class=\"wp-block-gallery has-nested-images columns-default is-cropped wp-block-gallery-4 is-layout-flex wp-block-gallery-is-layout-flex\">\n<figure class=\"wp-block-image size-full\"><img loading=\"lazy\" decoding=\"async\" width=\"1920\" height=\"2560\" data-id=\"9\" src=\"http:\/\/lodyeventy.pl\/wp-content\/uploads\/2025\/07\/1000024381-scaled.jpg\" alt=\"\" class=\"wp-image-9\" srcset=\"https:\/\/lodyeventy.pl\/wp-content\/uploads\/2025\/07\/1000024381-scaled.jpg 1920w, https:\/\/lodyeventy.pl\/wp-content\/uploads\/2025\/07\/1000024381-225x300.jpg 225w, https:\/\/lodyeventy.pl\/wp-content\/uploads\/2025\/07\/1000024381-768x1024.jpg 768w, https:\/\/lodyeventy.pl\/wp-content\/uploads\/2025\/07\/1000024381-1152x1536.jpg 1152w, https:\/\/lodyeventy.pl\/wp-content\/uploads\/2025\/07\/1000024381-1536x2048.jpg 1536w\" sizes=\"auto, (max-width: 1920px) 100vw, 1920px\" \/><\/figure>\n<\/figure>\n\n\n\n<div class=\"wp-block-group has-global-padding is-layout-constrained wp-block-group-is-layout-constrained\" style=\"margin-top:-12vw\">\n<figure class=\"wp-block-image size-full is-resized\" style=\"margin-right:-5vw;margin-left:-5vw\"><img loading=\"lazy\" decoding=\"async\" width=\"2560\" height=\"1920\" src=\"http:\/\/lodyeventy.pl\/wp-content\/uploads\/2025\/07\/20250329_133343-scaled.jpg\" alt=\"\" class=\"wp-image-10\" srcset=\"https:\/\/lodyeventy.pl\/wp-content\/uploads\/2025\/07\/20250329_133343-scaled.jpg 2560w, https:\/\/lodyeventy.pl\/wp-content\/uploads\/2025\/07\/20250329_133343-300x225.jpg 300w, https:\/\/lodyeventy.pl\/wp-content\/uploads\/2025\/07\/20250329_133343-1024x768.jpg 1024w, https:\/\/lodyeventy.pl\/wp-content\/uploads\/2025\/07\/20250329_133343-768x576.jpg 768w, https:\/\/lodyeventy.pl\/wp-content\/uploads\/2025\/07\/20250329_133343-1536x1152.jpg 1536w, https:\/\/lodyeventy.pl\/wp-content\/uploads\/2025\/07\/20250329_133343-2048x1536.jpg 2048w\" sizes=\"auto, (max-width: 2560px) 100vw, 2560px\" \/><\/figure>\n<\/div>\n<\/div>\n\n\n\n<div class=\"wp-block-column is-vertically-aligned-center is-layout-flow wp-block-column-is-layout-flow\" style=\"padding-right:0;padding-left:0;flex-basis:50%\">\n<p>IceBiker to:<\/p>\n\n\n\n<ul class=\"wp-block-list\">\n<li>Naturalne lody tworzone metod\u0105 rzemie\u015blnicz\u0105 od 1988 roku.<\/li>\n\n\n\n<li>Idealne na wszelkiego rodzaju uroczysto\u015bci, imprezy czy eventy.<\/li>\n\n\n\n<li>Lody serwowane z eleganckiej rikszy rowerowej (wyprodukowanej w 2025 roku).<\/li>\n\n\n\n<li>Mo\u017cliwo\u015b\u0107 indywidualnego przystrojenia rikszy<\/li>\n\n\n\n<li>Ponad 100 smak\u00f3w do wyboru.<\/li>\n\n\n\n<li>Oferty wyceniane indywidualnie w zale\u017cno\u015bci od wielko\u015bci eventu i jego lokalizacji.<\/li>\n\n\n\n<li>Dysponujemy trzema rikszami.<\/li>\n\n\n\n<li>Pr\u00f3cz lod\u00f3w w swojej ofercie posiadamy r\u00f3wnie\u017c pyszne lemoniady.<br><br>Zapraszam do kontaktu:<\/li>\n\n\n\n<li>icebiker.pl@gmail.com<\/li>\n\n\n\n<li>696523378<\/li>\n\n\n\n<li>wi\u0119cej na <a href=\"http:\/\/www.icebiker.pl\" data-type=\"link\" data-id=\"www.icebiker.pl\">www.icebiker.pl<\/a><\/li>\n<\/ul>\n<\/div>\n<\/div>\n<\/div>\n","protected":false},"excerpt":{"rendered":"<p>Dzie\u0144 dobry Pa\u0144stwu! Chcia\u0142abym opowiedzie\u0107 Wam o czym\u015b wyj\u0105tkowym &#8211; o Icebikerze! U nas znajdziecie pyszne lody, tworzone rzemie\u015blniczo i tylko z naturalnych sk\u0142adnik\u00f3w! Prawdziwe Lody produkowane s\u0105 ju\u017c od 1988 roku na recepturach przywiezionych z W\u0142och. IceBiker to co\u015b wi\u0119cej ni\u017c zwyk\u0142a lodziarnia. To my sprawiamy, \u017ce te wyj\u0105tkowe smaki docieraj\u0105 wsz\u0119dzie tam, gdzie [&hellip;]<\/p>\n","protected":false},"author":1,"featured_media":0,"parent":0,"menu_order":0,"comment_status":"closed","ping_status":"closed","template":"","meta":{"footnotes":""},"class_list":["post-6","page","type-page","status-publish","hentry"],"_links":{"self":[{"href":"https:\/\/lodyeventy.pl\/index.php\/wp-json\/wp\/v2\/pages\/6","targetHints":{"allow":["GET"]}}],"collection":[{"href":"https:\/\/lodyeventy.pl\/index.php\/wp-json\/wp\/v2\/pages"}],"about":[{"href":"https:\/\/lodyeventy.pl\/index.php\/wp-json\/wp\/v2\/types\/page"}],"author":[{"embeddable":true,"href":"https:\/\/lodyeventy.pl\/index.php\/wp-json\/wp\/v2\/users\/1"}],"replies":[{"embeddable":true,"href":"https:\/\/lodyeventy.pl\/index.php\/wp-json\/wp\/v2\/comments?post=6"}],"version-history":[{"count":4,"href":"https:\/\/lodyeventy.pl\/index.php\/wp-json\/wp\/v2\/pages\/6\/revisions"}],"predecessor-version":[{"id":26,"href":"https:\/\/lodyeventy.pl\/index.php\/wp-json\/wp\/v2\/pages\/6\/revisions\/26"}],"wp:attachment":[{"href":"https:\/\/lodyeventy.pl\/index.php\/wp-json\/wp\/v2\/media?parent=6"}],"curies":[{"name":"wp","href":"https:\/\/api.w.org\/{rel}","templated":true}]}}